{"id":9,"date":"2026-01-13T17:45:46","date_gmt":"2026-01-13T17:45:46","guid":{"rendered":"https:\/\/beckandmayer.com\/?page_id=9"},"modified":"2026-01-14T23:47:39","modified_gmt":"2026-01-14T23:47:39","slug":"refund_returns","status":"publish","type":"page","link":"https:\/\/beckandmayer.com\/?page_id=9","title":{"rendered":"Returns"},"content":{"rendered":"\n<p><strong>ENGLISH<\/strong> <\/p>\n\n\n\n<p>Our return policy is valid for 2 days for a size exchange.Your item must be unused and in the same condition that you received it. It must also be in its original packaging.Additional non-returnable items:<\/p>\n\n\n\n<p>GiftsIf the item was not marked as a gift when purchased, or if the gift giver had the order shipped to themselves to give to you later, we will send a size exchange to the gift giver, and they will be informed of your return.<\/p>\n\n\n\n<p>To return your product, you must send it to the shipping agency.You will be responsible for paying for your own shipping costs for returning your item. Shipping costs are non-refundable.Depending on where you live, the time it may take for your exchanged product to reach you may vary.<\/p>\n\n\n\n<p><strong>Need help?<\/strong><\/p>\n\n\n\n<p>Contact us at (info@beckmayer.com) for any questions related to refunds and returns.<\/p>\n\n\n\n<h4 class=\"wp-block-heading\">FRANCAIS <\/h4>\n\n\n\n<p>Notre politique de de retours est valable pendant 2 jours pour un \u00e9change de taille.<br>votre article doit \u00eatre inutilis\u00e9 et dans le m\u00eame \u00e9tat que vous l\u2019avez re\u00e7u. Il doit \u00e9galement \u00eatre dans son emballage d\u2019origine.<\/p>\n\n\n\n<p><\/p>\n\n\n\n<p>Si l\u2019article n\u2019a pas \u00e9t\u00e9 marqu\u00e9 comme un cadeau lors de l\u2019achat, ou si la personne qui a offert le cadeau a fait exp\u00e9dier la commande \u00e0 elle-m\u00eame pour vous l\u2019offrir plus tard, nous enverrons un \u00e9change de taille \u00e0 l\u2019offreur du cadeau et elle sera inform\u00e9e de votre retour.<\/p>\n\n\n\n<p>Pour retourner votre produit, vous devez l\u2019envoyer \u00e0 l&rsquo;agence d&rsquo;exp\u00e9dition .<br>Vous serez responsable des frais d\u2019exp\u00e9dition pour le retour de votre article. Les frais d\u2019exp\u00e9dition ne sont pas remboursables..<br>En fonction de votre lieu de r\u00e9sidence, le temps que votre produit \u00e9chang\u00e9 mette \u00e0 vous parvenir peut varier.<\/p>\n\n\n\n<p><strong>Besoin d\u2019aide ?<\/strong><\/p>\n\n\n\n<p>Contactez-nous \u00e0 (info@beckmayer.com} pour toute question relative aux remboursements et aux retours.<\/p>\n\n\n\n<h3 class=\"wp-block-heading\">\u0639\u0631\u0628\u064a\u0629<\/h3>\n\n\n\n<p>\u0633\u064a\u0627\u0633\u0629 \u0627\u0644\u0625\u0631\u062c\u0627\u0639 \u0644\u062f\u064a\u0646\u0627 \u0633\u0627\u0631\u064a\u0629 \u0644\u0645\u062f\u0629 \u064a\u0648\u0645\u064a\u0646 \u0641\u0642\u0637 \u0644\u062a\u0628\u0627\u062f\u0644 \u0627\u0644\u062d\u062c\u0645.<br>\u064a\u062c\u0628 \u0623\u0646 \u064a\u0643\u0648\u0646 \u0627\u0644\u0639\u0646\u0635\u0631 \u063a\u064a\u0631 \u0645\u0633\u062a\u062e\u062f\u0645 \u0648\u0641\u064a \u0646\u0641\u0633 \u0627\u0644\u062d\u0627\u0644\u0629 \u0627\u0644\u062a\u064a \u0627\u0633\u062a\u0644\u0645\u062a\u0647 \u0628\u0647\u0627. \u064a\u062c\u0628 \u0623\u0646 \u064a\u0643\u0648\u0646 \u0623\u064a\u0636\u064b\u0627 \u0641\u064a \u0639\u0628\u0648\u0627\u062a\u0647 \u0627\u0644\u0623\u0635\u0644\u064a\u0629.<\/p>\n\n\n\n<p>\u0625\u0630\u0627 \u0644\u0645 \u064a\u062a\u0645 \u0648\u0636\u0639 \u0639\u0644\u0627\u0645\u0629 \u0639\u0644\u0649 \u0627\u0644\u0639\u0646\u0635\u0631 \u0643\u0647\u062f\u064a\u0629 \u0639\u0646\u062f \u0627\u0644\u0634\u0631\u0627\u0621\u060c \u0623\u0648 \u0625\u0630\u0627 \u0642\u0627\u0645 \u0627\u0644\u0634\u062e\u0635 \u0627\u0644\u0630\u064a \u0642\u062f\u0645 \u0627\u0644\u0647\u062f\u064a\u0629 \u0628\u0634\u062d\u0646 \u0627\u0644\u0637\u0644\u0628 \u0625\u0644\u0649 \u0646\u0641\u0633\u0647 \u0644\u064a\u0642\u062f\u0645\u0647 \u0644\u0643 \u0644\u0627\u062d\u0642\u064b\u0627\u060c \u0633\u0646\u0631\u0633\u0644 \u062a\u0628\u0627\u062f\u0644 \u0627\u0644\u062d\u062c\u0645 \u0625\u0644\u0649 \u0645\u0642\u062f\u0645 \u0627\u0644\u0647\u062f\u064a\u0629\u060c \u0648\u0633\u064a\u062a\u0645 \u0625\u0628\u0644\u0627\u063a\u0647 \u0628\u0639\u0645\u0644\u064a\u0629 \u0627\u0644\u0625\u0631\u062c\u0627\u0639 \u0627\u0644\u062e\u0627\u0635\u0629 \u0628\u0643.<\/p>\n\n\n\n<p>\u0644\u0625\u0631\u062c\u0627\u0639 \u0645\u0646\u062a\u062c\u0643\u060c \u064a\u062c\u0628 \u0639\u0644\u064a\u0643 \u0625\u0631\u0633\u0627\u0644\u0647 \u0625\u0644\u0649 \u0648\u0643\u0627\u0644\u0629 \u0627\u0644\u0634\u062d\u0646.<br>\u0633\u062a\u0643\u0648\u0646 \u0645\u0633\u0624\u0648\u0644\u0627\u064b \u0639\u0646 \u062f\u0641\u0639 \u062a\u0643\u0627\u0644\u064a\u0641 \u0627\u0644\u0634\u062d\u0646 \u0627\u0644\u062e\u0627\u0635\u0629 \u0628\u0643 \u0644\u0625\u0631\u062c\u0627\u0639 \u0627\u0644\u0639\u0646\u0635\u0631. \u062a\u0643\u0627\u0644\u064a\u0641 \u0627\u0644\u0634\u062d\u0646 \u063a\u064a\u0631 \u0642\u0627\u0628\u0644\u0629 \u0644\u0644\u0627\u0633\u062a\u0631\u062f\u0627\u062f.<br>\u0627\u0639\u062a\u0645\u0627\u062f\u064b\u0627 \u0639\u0644\u0649 \u0645\u0643\u0627\u0646 \u0625\u0642\u0627\u0645\u062a\u0643\u060c \u0642\u062f \u064a\u062e\u062a\u0644\u0641 \u0627\u0644\u0648\u0642\u062a \u0627\u0644\u0630\u064a \u064a\u0633\u062a\u063a\u0631\u0642\u0647 \u0648\u0635\u0648\u0644 \u0645\u0646\u062a\u062c\u0643 \u0627\u0644\u0645\u0633\u062a\u0628\u062f\u0644 \u0625\u0644\u064a\u0643.<\/p>\n\n\n\n<p>\u0647\u0644 \u062a\u062d\u062a\u0627\u062c \u0625\u0644\u0649 \u0645\u0633\u0627\u0639\u062f\u0629\u061f<\/p>\n\n\n\n<p>\u0627\u062a\u0635\u0644 \u0628\u0646\u0627 \u0639\u0644\u0649 (<a href=\"mailto:Contact@beckandmayer.com\">info@beckmayer.com<\/a>) \u0644\u0623\u064a \u0627\u0633\u062a\u0641\u0633\u0627\u0631\u0627\u062a \u062a\u062a\u0639\u0644\u0642 \u0628\u0627\u0644\u0627\u0633\u062a\u0631\u062f\u0627\u062f\u0627\u062a \u0648\u0627\u0644\u0625\u0631\u062c\u0627\u0639\u0627\u062a<\/p>\n\n\n\n<p><\/p>\n","protected":false},"excerpt":{"rendered":"<p>ENGLISH Our return policy is valid for 2 days for a size exchange.Your item must be unused and in the same condition that you received it. It must also be in its original packaging.Additional non-returnable items: GiftsIf the item was not marked as a gift when purchased, or if the gift giver had the order<span class=\"post-excerpt-end\">&hellip;<\/span><\/p>\n<p class=\"more-link\"><a href=\"https:\/\/beckandmayer.com\/?page_id=9\" class=\"themebutton\">Read More<\/a><\/p>\n","protected":false},"author":1,"featured_media":0,"parent":0,"menu_order":0,"comment_status":"closed","ping_status":"closed","template":"","meta":{"footnotes":""},"class_list":["post-9","page","type-page","status-publish","hentry"],"yoast_head":"<!-- This site is optimized with the Yoast SEO plugin v26.6 - https:\/\/yoast.com\/wordpress\/plugins\/seo\/ -->\n<title>Returns - BeckandMayer<\/title>\n<meta name=\"robots\" content=\"index, follow, max-snippet:-1, max-image-preview:large, max-video-preview:-1\" \/>\n<link rel=\"canonical\" href=\"http:\/\/beckandmayer.com\/?page_id=9\" \/>\n<meta property=\"og:locale\" content=\"fr_FR\" \/>\n<meta property=\"og:type\" content=\"article\" \/>\n<meta property=\"og:title\" content=\"Returns - BeckandMayer\" \/>\n<meta property=\"og:description\" content=\"ENGLISH Our return policy is valid for 2 days for a size exchange.Your item must be unused and in the same condition that you received it. It must also be in its original packaging.Additional non-returnable items: GiftsIf the item was not marked as a gift when purchased, or if the gift giver had the order&hellip;Read More\" \/>\n<meta property=\"og:url\" content=\"http:\/\/beckandmayer.com\/?page_id=9\" \/>\n<meta property=\"og:site_name\" content=\"BeckandMayer\" \/>\n<meta property=\"article:modified_time\" content=\"2026-01-14T23:47:39+00:00\" \/>\n<meta name=\"twitter:card\" content=\"summary_large_image\" \/>\n<meta name=\"twitter:label1\" content=\"Dur\u00e9e de lecture estim\u00e9e\" \/>\n\t<meta name=\"twitter:data1\" content=\"2 minutes\" \/>\n<script type=\"application\/ld+json\" class=\"yoast-schema-graph\">{\"@context\":\"https:\/\/schema.org\",\"@graph\":[{\"@type\":\"WebPage\",\"@id\":\"http:\/\/beckandmayer.com\/?page_id=9\",\"url\":\"http:\/\/beckandmayer.com\/?page_id=9\",\"name\":\"Returns - BeckandMayer\",\"isPartOf\":{\"@id\":\"https:\/\/beckandmayer.com\/#website\"},\"datePublished\":\"2026-01-13T17:45:46+00:00\",\"dateModified\":\"2026-01-14T23:47:39+00:00\",\"breadcrumb\":{\"@id\":\"http:\/\/beckandmayer.com\/?page_id=9#breadcrumb\"},\"inLanguage\":\"fr-FR\",\"potentialAction\":[{\"@type\":\"ReadAction\",\"target\":[\"http:\/\/beckandmayer.com\/?page_id=9\"]}]},{\"@type\":\"BreadcrumbList\",\"@id\":\"http:\/\/beckandmayer.com\/?page_id=9#breadcrumb\",\"itemListElement\":[{\"@type\":\"ListItem\",\"position\":1,\"name\":\"Home\",\"item\":\"https:\/\/beckandmayer.com\/\"},{\"@type\":\"ListItem\",\"position\":2,\"name\":\"Returns\"}]},{\"@type\":\"WebSite\",\"@id\":\"https:\/\/beckandmayer.com\/#website\",\"url\":\"https:\/\/beckandmayer.com\/\",\"name\":\"BeckandMayer\",\"description\":\"Made in Algeria\",\"publisher\":{\"@id\":\"https:\/\/beckandmayer.com\/#organization\"},\"potentialAction\":[{\"@type\":\"SearchAction\",\"target\":{\"@type\":\"EntryPoint\",\"urlTemplate\":\"https:\/\/beckandmayer.com\/?s={search_term_string}\"},\"query-input\":{\"@type\":\"PropertyValueSpecification\",\"valueRequired\":true,\"valueName\":\"search_term_string\"}}],\"inLanguage\":\"fr-FR\"},{\"@type\":\"Organization\",\"@id\":\"https:\/\/beckandmayer.com\/#organization\",\"name\":\"BeckandMayer\",\"url\":\"https:\/\/beckandmayer.com\/\",\"logo\":{\"@type\":\"ImageObject\",\"inLanguage\":\"fr-FR\",\"@id\":\"https:\/\/beckandmayer.com\/#\/schema\/logo\/image\/\",\"url\":\"https:\/\/beckandmayer.com\/wp-content\/uploads\/2026\/01\/cropped-BeckMayer-3.png\",\"contentUrl\":\"https:\/\/beckandmayer.com\/wp-content\/uploads\/2026\/01\/cropped-BeckMayer-3.png\",\"width\":500,\"height\":398,\"caption\":\"BeckandMayer\"},\"image\":{\"@id\":\"https:\/\/beckandmayer.com\/#\/schema\/logo\/image\/\"}}]}<\/script>\n<!-- \/ Yoast SEO plugin. -->","yoast_head_json":{"title":"Returns - BeckandMayer","robots":{"index":"index","follow":"follow","max-snippet":"max-snippet:-1","max-image-preview":"max-image-preview:large","max-video-preview":"max-video-preview:-1"},"canonical":"http:\/\/beckandmayer.com\/?page_id=9","og_locale":"fr_FR","og_type":"article","og_title":"Returns - BeckandMayer","og_description":"ENGLISH Our return policy is valid for 2 days for a size exchange.Your item must be unused and in the same condition that you received it. It must also be in its original packaging.Additional non-returnable items: GiftsIf the item was not marked as a gift when purchased, or if the gift giver had the order&hellip;Read More","og_url":"http:\/\/beckandmayer.com\/?page_id=9","og_site_name":"BeckandMayer","article_modified_time":"2026-01-14T23:47:39+00:00","twitter_card":"summary_large_image","twitter_misc":{"Dur\u00e9e de lecture estim\u00e9e":"2 minutes"},"schema":{"@context":"https:\/\/schema.org","@graph":[{"@type":"WebPage","@id":"http:\/\/beckandmayer.com\/?page_id=9","url":"http:\/\/beckandmayer.com\/?page_id=9","name":"Returns - BeckandMayer","isPartOf":{"@id":"https:\/\/beckandmayer.com\/#website"},"datePublished":"2026-01-13T17:45:46+00:00","dateModified":"2026-01-14T23:47:39+00:00","breadcrumb":{"@id":"http:\/\/beckandmayer.com\/?page_id=9#breadcrumb"},"inLanguage":"fr-FR","potentialAction":[{"@type":"ReadAction","target":["http:\/\/beckandmayer.com\/?page_id=9"]}]},{"@type":"BreadcrumbList","@id":"http:\/\/beckandmayer.com\/?page_id=9#breadcrumb","itemListElement":[{"@type":"ListItem","position":1,"name":"Home","item":"https:\/\/beckandmayer.com\/"},{"@type":"ListItem","position":2,"name":"Returns"}]},{"@type":"WebSite","@id":"https:\/\/beckandmayer.com\/#website","url":"https:\/\/beckandmayer.com\/","name":"BeckandMayer","description":"Made in Algeria","publisher":{"@id":"https:\/\/beckandmayer.com\/#organization"},"potentialAction":[{"@type":"SearchAction","target":{"@type":"EntryPoint","urlTemplate":"https:\/\/beckandmayer.com\/?s={search_term_string}"},"query-input":{"@type":"PropertyValueSpecification","valueRequired":true,"valueName":"search_term_string"}}],"inLanguage":"fr-FR"},{"@type":"Organization","@id":"https:\/\/beckandmayer.com\/#organization","name":"BeckandMayer","url":"https:\/\/beckandmayer.com\/","logo":{"@type":"ImageObject","inLanguage":"fr-FR","@id":"https:\/\/beckandmayer.com\/#\/schema\/logo\/image\/","url":"https:\/\/beckandmayer.com\/wp-content\/uploads\/2026\/01\/cropped-BeckMayer-3.png","contentUrl":"https:\/\/beckandmayer.com\/wp-content\/uploads\/2026\/01\/cropped-BeckMayer-3.png","width":500,"height":398,"caption":"BeckandMayer"},"image":{"@id":"https:\/\/beckandmayer.com\/#\/schema\/logo\/image\/"}}]}},"jetpack_sharing_enabled":true,"_links":{"self":[{"href":"https:\/\/beckandmayer.com\/index.php?rest_route=\/wp\/v2\/pages\/9","targetHints":{"allow":["GET"]}}],"collection":[{"href":"https:\/\/beckandmayer.com\/index.php?rest_route=\/wp\/v2\/pages"}],"about":[{"href":"https:\/\/beckandmayer.com\/index.php?rest_route=\/wp\/v2\/types\/page"}],"author":[{"embeddable":true,"href":"https:\/\/beckandmayer.com\/index.php?rest_route=\/wp\/v2\/users\/1"}],"replies":[{"embeddable":true,"href":"https:\/\/beckandmayer.com\/index.php?rest_route=%2Fwp%2Fv2%2Fcomments&post=9"}],"version-history":[{"count":5,"href":"https:\/\/beckandmayer.com\/index.php?rest_route=\/wp\/v2\/pages\/9\/revisions"}],"predecessor-version":[{"id":277,"href":"https:\/\/beckandmayer.com\/index.php?rest_route=\/wp\/v2\/pages\/9\/revisions\/277"}],"wp:attachment":[{"href":"https:\/\/beckandmayer.com\/index.php?rest_route=%2Fwp%2Fv2%2Fmedia&parent=9"}],"curies":[{"name":"wp","href":"https:\/\/api.w.org\/{rel}","templated":true}]}}